{"id":110688,"date":"2021-03-03T15:04:30","date_gmt":"2021-03-03T15:04:30","guid":{"rendered":"http:\/\/38.242.230.232\/~portoalities\/discover-porto-like-a-local\/"},"modified":"2023-04-21T10:26:07","modified_gmt":"2023-04-21T10:26:07","slug":"home","status":"publish","type":"page","link":"https:\/\/portoalities.com\/fr\/","title":{"rendered":"D\u00e9couvrez Porto comme un local"},"content":{"rendered":"\n<div class=\"wp-block-group\"><div class=\"wp-block-group__inner-container is-layout-constrained wp-block-group-is-layout-constrained\">\n<figure class=\"wp-block-image size-full\"><img loading=\"lazy\" decoding=\"async\" width=\"1440\" height=\"808\" src=\"http:\/\/portoalities.com\/wp-content\/uploads\/2021\/06\/portoalities-tour-privado-porto-douro-braga-guimaraes-1.jpg\" alt=\"portoalities visites priv\u00e9es porto et douro\" class=\"wp-image-45343\" srcset=\"https:\/\/portoalities.com\/wp-content\/uploads\/2021\/06\/portoalities-tour-privado-porto-douro-braga-guimaraes-1.jpg 1440w, https:\/\/portoalities.com\/wp-content\/uploads\/2021\/06\/portoalities-tour-privado-porto-douro-braga-guimaraes-1-300x168.jpg 300w, https:\/\/portoalities.com\/wp-content\/uploads\/2021\/06\/portoalities-tour-privado-porto-douro-braga-guimaraes-1-1024x575.jpg 1024w, https:\/\/portoalities.com\/wp-content\/uploads\/2021\/06\/portoalities-tour-privado-porto-douro-braga-guimaraes-1-768x431.jpg 768w\" sizes=\"auto, (max-width: 1440px) 100vw, 1440px\" \/><\/figure>\n\n\n\n<h2 class=\"wp-block-heading\">D\u00e9couvrez Porto comme un local<\/h2>\n\n\n\n<p>\u00c9vitez les pi\u00e8ges \u00e0 touristes et acc\u00e9dez \u00e0 des endroits exclusifs que seuls les habitants connaissent avec nos guides locaux experts.<\/p>\n\n\n\n<figure class=\"wp-block-image size-full\"><img loading=\"lazy\" decoding=\"async\" width=\"131\" height=\"160\" src=\"http:\/\/portoalities.com\/wp-content\/uploads\/2021\/05\/travelers-choice-2021.png\" alt=\"\" class=\"wp-image-44092\"\/><\/figure>\n\n\n\n<figure class=\"wp-block-image size-full\"><img loading=\"lazy\" decoding=\"async\" width=\"128\" height=\"128\" src=\"http:\/\/portoalities.com\/wp-content\/uploads\/2021\/05\/clean-and-safe-stamp.png\" alt=\"\" class=\"wp-image-44096\"\/><\/figure>\n<\/div><\/div>\n","protected":false},"excerpt":{"rendered":"<p>D\u00e9couvrez Porto comme un local \u00c9vitez les pi\u00e8ges \u00e0 touristes et acc\u00e9dez \u00e0 des endroits exclusifs que seuls les habitants\u2026<\/p>\n","protected":false},"author":3,"featured_media":97256,"parent":0,"menu_order":0,"comment_status":"closed","ping_status":"closed","template":"pages\/wp-homepage.php","meta":{"footnotes":""},"class_list":["post-110688","page","type-page","status-publish","has-post-thumbnail","hentry"],"yoast_head":"<!-- This site is optimized with the Yoast SEO plugin v27.2 - https:\/\/yoast.com\/product\/yoast-seo-wordpress\/ -->\n<title>Portoalities | Visites priv\u00e9es \u00e0 Porto et dans le Douro<\/title>\n<meta name=\"description\" content=\"\u00c9vitez les pi\u00e8ges \u00e0 touristes et acc\u00e9dez \u00e0 des endroits exclusifs que seuls les habitants connaissent avec nos guides experts.\" \/>\n<meta name=\"robots\" content=\"index, follow, max-snippet:-1, max-image-preview:large, max-video-preview:-1\" \/>\n<link rel=\"canonical\" href=\"https:\/\/portoalities.com\/fr\/\" \/>\n<meta property=\"og:locale\" content=\"fr_FR\" \/>\n<meta property=\"og:type\" content=\"article\" \/>\n<meta property=\"og:title\" content=\"Portoalities | Visites priv\u00e9es \u00e0 Porto et dans le Douro\" \/>\n<meta property=\"og:description\" content=\"\u00c9vitez les pi\u00e8ges \u00e0 touristes et acc\u00e9dez \u00e0 des endroits exclusifs que seuls les habitants connaissent avec nos guides experts.\" \/>\n<meta property=\"og:url\" content=\"https:\/\/portoalities.com\/fr\/\" \/>\n<meta property=\"og:site_name\" content=\"Portoalities: Travel blog and Private tours in Porto and Douro Valley\" \/>\n<meta property=\"article:modified_time\" content=\"2023-04-21T10:26:07+00:00\" \/>\n<meta property=\"og:image\" content=\"https:\/\/portoalities.com\/wp-content\/uploads\/2021\/03\/hero-image-1024x577.png\" \/>\n\t<meta property=\"og:image:width\" content=\"1024\" \/>\n\t<meta property=\"og:image:height\" content=\"577\" \/>\n\t<meta property=\"og:image:type\" content=\"image\/png\" \/>\n<meta name=\"twitter:card\" content=\"summary_large_image\" \/>\n<meta name=\"twitter:label1\" content=\"Dur\u00e9e de lecture estim\u00e9e\" \/>\n\t<meta name=\"twitter:data1\" content=\"1 minute\" \/>\n<script type=\"application\/ld+json\" class=\"yoast-schema-graph\">{\"@context\":\"https:\/\/schema.org\",\"@graph\":[{\"@type\":\"WebPage\",\"@id\":\"https:\/\/portoalities.com\/fr\/\",\"url\":\"https:\/\/portoalities.com\/fr\/\",\"name\":\"Portoalities | Visites priv\u00e9es \u00e0 Porto et dans le Douro\",\"isPartOf\":{\"@id\":\"https:\/\/portoalities.com\/en\/#website\"},\"primaryImageOfPage\":{\"@id\":\"https:\/\/portoalities.com\/fr\/#primaryimage\"},\"image\":{\"@id\":\"https:\/\/portoalities.com\/fr\/#primaryimage\"},\"thumbnailUrl\":\"https:\/\/portoalities.com\/wp-content\/uploads\/2021\/03\/hero-image.png\",\"datePublished\":\"2021-03-03T15:04:30+00:00\",\"dateModified\":\"2023-04-21T10:26:07+00:00\",\"description\":\"\u00c9vitez les pi\u00e8ges \u00e0 touristes et acc\u00e9dez \u00e0 des endroits exclusifs que seuls les habitants connaissent avec nos guides experts.\",\"breadcrumb\":{\"@id\":\"https:\/\/portoalities.com\/fr\/#breadcrumb\"},\"inLanguage\":\"fr-FR\",\"potentialAction\":[{\"@type\":\"ReadAction\",\"target\":[\"https:\/\/portoalities.com\/fr\/\"]}]},{\"@type\":\"ImageObject\",\"inLanguage\":\"fr-FR\",\"@id\":\"https:\/\/portoalities.com\/fr\/#primaryimage\",\"url\":\"https:\/\/portoalities.com\/wp-content\/uploads\/2021\/03\/hero-image.png\",\"contentUrl\":\"https:\/\/portoalities.com\/wp-content\/uploads\/2021\/03\/hero-image.png\",\"width\":4320,\"height\":2433},{\"@type\":\"BreadcrumbList\",\"@id\":\"https:\/\/portoalities.com\/fr\/#breadcrumb\",\"itemListElement\":[{\"@type\":\"ListItem\",\"position\":1,\"name\":\"Home\",\"item\":\"https:\/\/portoalities.com\/fr\/\"},{\"@type\":\"ListItem\",\"position\":2,\"name\":\"D\u00e9couvrez Porto comme un local\"}]},{\"@type\":\"WebSite\",\"@id\":\"https:\/\/portoalities.com\/en\/#website\",\"url\":\"https:\/\/portoalities.com\/en\/\",\"name\":\"Portoalities: Travel blog and Private tours in Porto and Douro Valley\",\"description\":\"\",\"potentialAction\":[{\"@type\":\"SearchAction\",\"target\":{\"@type\":\"EntryPoint\",\"urlTemplate\":\"https:\/\/portoalities.com\/en\/?s={search_term_string}\"},\"query-input\":{\"@type\":\"PropertyValueSpecification\",\"valueRequired\":true,\"valueName\":\"search_term_string\"}}],\"inLanguage\":\"fr-FR\"}]}<\/script>\n<!-- \/ Yoast SEO plugin. -->","yoast_head_json":{"title":"Portoalities | Visites priv\u00e9es \u00e0 Porto et dans le Douro","description":"\u00c9vitez les pi\u00e8ges \u00e0 touristes et acc\u00e9dez \u00e0 des endroits exclusifs que seuls les habitants connaissent avec nos guides experts.","robots":{"index":"index","follow":"follow","max-snippet":"max-snippet:-1","max-image-preview":"max-image-preview:large","max-video-preview":"max-video-preview:-1"},"canonical":"https:\/\/portoalities.com\/fr\/","og_locale":"fr_FR","og_type":"article","og_title":"Portoalities | Visites priv\u00e9es \u00e0 Porto et dans le Douro","og_description":"\u00c9vitez les pi\u00e8ges \u00e0 touristes et acc\u00e9dez \u00e0 des endroits exclusifs que seuls les habitants connaissent avec nos guides experts.","og_url":"https:\/\/portoalities.com\/fr\/","og_site_name":"Portoalities: Travel blog and Private tours in Porto and Douro Valley","article_modified_time":"2023-04-21T10:26:07+00:00","og_image":[{"width":1024,"height":577,"url":"https:\/\/portoalities.com\/wp-content\/uploads\/2021\/03\/hero-image-1024x577.png","type":"image\/png"}],"twitter_card":"summary_large_image","twitter_misc":{"Dur\u00e9e de lecture estim\u00e9e":"1 minute"},"schema":{"@context":"https:\/\/schema.org","@graph":[{"@type":"WebPage","@id":"https:\/\/portoalities.com\/fr\/","url":"https:\/\/portoalities.com\/fr\/","name":"Portoalities | Visites priv\u00e9es \u00e0 Porto et dans le Douro","isPartOf":{"@id":"https:\/\/portoalities.com\/en\/#website"},"primaryImageOfPage":{"@id":"https:\/\/portoalities.com\/fr\/#primaryimage"},"image":{"@id":"https:\/\/portoalities.com\/fr\/#primaryimage"},"thumbnailUrl":"https:\/\/portoalities.com\/wp-content\/uploads\/2021\/03\/hero-image.png","datePublished":"2021-03-03T15:04:30+00:00","dateModified":"2023-04-21T10:26:07+00:00","description":"\u00c9vitez les pi\u00e8ges \u00e0 touristes et acc\u00e9dez \u00e0 des endroits exclusifs que seuls les habitants connaissent avec nos guides experts.","breadcrumb":{"@id":"https:\/\/portoalities.com\/fr\/#breadcrumb"},"inLanguage":"fr-FR","potentialAction":[{"@type":"ReadAction","target":["https:\/\/portoalities.com\/fr\/"]}]},{"@type":"ImageObject","inLanguage":"fr-FR","@id":"https:\/\/portoalities.com\/fr\/#primaryimage","url":"https:\/\/portoalities.com\/wp-content\/uploads\/2021\/03\/hero-image.png","contentUrl":"https:\/\/portoalities.com\/wp-content\/uploads\/2021\/03\/hero-image.png","width":4320,"height":2433},{"@type":"BreadcrumbList","@id":"https:\/\/portoalities.com\/fr\/#breadcrumb","itemListElement":[{"@type":"ListItem","position":1,"name":"Home","item":"https:\/\/portoalities.com\/fr\/"},{"@type":"ListItem","position":2,"name":"D\u00e9couvrez Porto comme un local"}]},{"@type":"WebSite","@id":"https:\/\/portoalities.com\/en\/#website","url":"https:\/\/portoalities.com\/en\/","name":"Portoalities: Travel blog and Private tours in Porto and Douro Valley","description":"","potentialAction":[{"@type":"SearchAction","target":{"@type":"EntryPoint","urlTemplate":"https:\/\/portoalities.com\/en\/?s={search_term_string}"},"query-input":{"@type":"PropertyValueSpecification","valueRequired":true,"valueName":"search_term_string"}}],"inLanguage":"fr-FR"}]}},"_links":{"self":[{"href":"https:\/\/portoalities.com\/fr\/wp-json\/wp\/v2\/pages\/110688","targetHints":{"allow":["GET"]}}],"collection":[{"href":"https:\/\/portoalities.com\/fr\/wp-json\/wp\/v2\/pages"}],"about":[{"href":"https:\/\/portoalities.com\/fr\/wp-json\/wp\/v2\/types\/page"}],"author":[{"embeddable":true,"href":"https:\/\/portoalities.com\/fr\/wp-json\/wp\/v2\/users\/3"}],"replies":[{"embeddable":true,"href":"https:\/\/portoalities.com\/fr\/wp-json\/wp\/v2\/comments?post=110688"}],"version-history":[{"count":0,"href":"https:\/\/portoalities.com\/fr\/wp-json\/wp\/v2\/pages\/110688\/revisions"}],"wp:featuredmedia":[{"embeddable":true,"href":"https:\/\/portoalities.com\/fr\/wp-json\/wp\/v2\/media\/97256"}],"wp:attachment":[{"href":"https:\/\/portoalities.com\/fr\/wp-json\/wp\/v2\/media?parent=110688"}],"curies":[{"name":"wp","href":"https:\/\/api.w.org\/{rel}","templated":true}]}}