{"id":111174,"date":"2023-04-14T10:11:25","date_gmt":"2023-04-14T10:11:25","guid":{"rendered":"https:\/\/portoalities.com\/emprego-guia-turistico-porto\/"},"modified":"2023-04-14T10:11:25","modified_gmt":"2023-04-14T10:11:25","slug":"emprego-guia-turistico-porto","status":"publish","type":"page","link":"https:\/\/portoalities.com\/pt\/emprego-guia-turistico-porto\/","title":{"rendered":"Junta-te \u00e0 nossa equipa!"},"content":{"rendered":"<h1 class=\"wp-block-post-title\">Junta-te \u00e0 nossa equipa!<\/h1>\n\n\n<p>2022 foi um ano espetacular. 2023 vai ser \u00c9PICO! \ud83d\ude42<\/p>\n\n\n\n<p><\/p>\n\n\n\n<p>Depois de um 2022 incr\u00edvel, com centenas de clientes que se apaixonaram pelo Porto e Douro nos nossos tours privados, estamos a contratar para a posi\u00e7\u00e3o de Guia Tur\u00edstico em 2023!<\/p>\n\n\n\n<figure class=\"wp-block-image size-full\"><img loading=\"lazy\" decoding=\"async\" width=\"668\" height=\"404\" src=\"http:\/\/portoalities.com\/wp-content\/uploads\/2022\/12\/private-tour-porto-group-friends-1.jpg\" alt=\"tour privado porto grupo amigos\" class=\"wp-image-51864\" srcset=\"https:\/\/portoalities.com\/wp-content\/uploads\/2022\/12\/private-tour-porto-group-friends-1.jpg 668w, https:\/\/portoalities.com\/wp-content\/uploads\/2022\/12\/private-tour-porto-group-friends-1-300x181.jpg 300w\" sizes=\"auto, (max-width: 668px) 100vw, 668px\" \/><\/figure>\n\n\n\n<h2 class=\"wp-block-heading\">Porqu\u00ea trabalhar no Portoalities?&nbsp;<\/h2>\n\n\n\n<p>Com 7 anos de experi\u00eancia no mercado do Turismo no Porto e milhares de clientes (muito) felizes, o Portoalities \u00e9 a empresa certa para ti se queres:<\/p>\n\n\n\n<ul class=\"wp-block-list\">\n<li>Conhecer pessoas interessantes dos quatro cantos do mundo TODOS OS DIAS.<\/li>\n\n\n\n<li>Ter um hor\u00e1rio flex\u00edvel que te permita ter tempo para dedicar aos teus hobbies.<\/li>\n\n\n\n<li>Ter um sal\u00e1rio acima da m\u00e9dia do mercado.<\/li>\n\n\n\n<li>Expandir os teus conhecimentos sobre o Porto, o Douro e os vinhos da regi\u00e3o &#8211; como s\u00f3 organizamos tours privados, cada tour \u00e9 uma oportunidade \u00fanica de aprendizagem e conhecimento!<\/li>\n\n\n\n<li>Trabalhar com pessoas super apaixonadas pelo que fazem e que s\u00e3o Os melhores embaixadores do Norte de Portugal. True story \ud83d\ude42<\/li>\n<\/ul>\n\n\n\n<h2 class=\"wp-block-heading\">Guia Tur\u00edstico no Porto e Douro: Principais Responsabilidades<\/h2>\n\n\n\n<ul class=\"wp-block-list\">\n<li>Liderar grupos pequenos (at\u00e9 8 pessoas) em tours privados no Porto (a p\u00e9) e em tours v\u00ednicos no Douro.<\/li>\n\n\n\n<li>Falar com clareza e paix\u00e3o sobre a hist\u00f3ria e os monumentos do Porto, bem como sobre a regi\u00e3o do Douro e os seus fabulosos vinhos.<\/li>\n\n\n\n<li>Ter conversas informadas com os nossos clientes sobre temas variados, desde a cultura portuguesa \u00e0 pol\u00edtica internacional.<\/li>\n\n\n\n<li>Ajudar os nossos clientes a aproveitar ao m\u00e1ximo as suas f\u00e9rias no Porto (ex.: dando recomenda\u00e7\u00f5es no final dos tours, ajud\u00e1-los a reservar restaurantes, etc.).<\/li>\n\n\n\n<li>Motivar os nossos clientes a escrever coment\u00e1rios no TripAdvisor sobre o tour realizado.<\/li>\n<\/ul>\n\n\n\n<h2 class=\"wp-block-heading\">De quem \u00e9 que estamos \u00e0 procura?<\/h2>\n\n\n\n<p>Resumindo e baralhando, estamos \u00e0 procura de pessoas ativas, curiosas e trabalhadoras que gostem <em>realmente<\/em> de conhecer pessoas novas e de lhes mostrar a nossa cidade e o Douro.<\/p>\n\n\n\n<p>O Portoalities desenvolve tours personalizados no Porto e no Douro, pelo que cada um dos nossos tours \u00e9 \u00fanico e extraordin\u00e1rio.<\/p>\n\n\n\n<p>Pela mesma raz\u00e3o, queremos conhecer as tuas qualidades, ouvir falar sobre os teus hobbies e descobrir a TUA personalidade \u2013 nenhum guia tur\u00edstico \u00e9 igual, da mesma forma que nenhum cliente \u00e9 igual!<\/p>\n\n\n\n<p><strong>N\u00e3o importa se estudaste turismo ou n\u00e3o.<\/strong> Na nossa equipa est\u00e1 uma engenheira industrial, um m\u00fasico e uma designer de moda \u2013 e todos trazemos as nossas pr\u00f3prias personalidades e conhecimentos para os nossos tours.<\/p>\n\n\n\n<p>Achas que te encaixas neste grupo espetacular? Preenche o formul\u00e1rio no final da p\u00e1gina ent\u00e3o, queremos conhecer-te! \ud83d\ude42<\/p>\n\n\n\n<h2 class=\"wp-block-heading\">Pr\u00e9 requisitos<\/h2>\n\n\n\n<ul class=\"wp-block-list\">\n<li><ul>\n \t<li><strong>Carta de condu\u00e7\u00e3o<\/strong> v\u00e1lida em territ\u00f3rio portugu\u00eas, <strong>e experi\u00eancia a conduzir.<\/strong><\/li>\n<\/ul><\/li>\n\n\n\n<li><ul>\n \t<li><b>Localiza\u00e7\u00e3o: <\/b>deves morar no Porto ou nos arredores.<\/li>\n<\/ul><\/li>\n\n\n\n<li><ul>\n \t<li><strong>Profici\u00eancia em Ingl\u00eas.<\/strong><\/li>\n<\/ul><\/li>\n\n\n\n<li><ul>\n \t<li><strong>Disponibilidade total<\/strong> durante a \u00e9poca alta, desde o dia <strong>1 de abril at\u00e9 ao dia 15 de novembro<\/strong>.<\/li>\n<\/ul><\/li>\n\n\n\n<li><ul>\n \t<li><strong>Forma\u00e7\u00e3o acad\u00e9mica:<\/strong> Se tiveres um bacharelato \/ mestrado em Hist\u00f3ria; Hist\u00f3ria da arte; Vinicultura ou Rela\u00e7\u00f5es P\u00fablicas, isso seria \u00f3timo. <strong>Se n\u00e3o tem um diploma mas \u00e9s apaixonado por esses t\u00f3picos, isso basta!<\/strong><\/li>\n<\/ul><\/li>\n\n\n\n<li><ul>\n \t<li>Experi\u00eancia de trabalho: <strong>N\u00e3o \u00e9 necess\u00e1ria experi\u00eancia de trabalho anterior<\/strong>, mas se tiveres experi\u00eancia profissional como guia tur\u00edstico noutras empresas de turismo, caves de vinho do Porto ou quaisquer monumentos no Porto ou Norte de Portugal, gostar\u00edamos de te conhecer j\u00e1!<\/li>\n<\/ul><\/li>\n<\/ul>\n\n\n\n<h2 class=\"wp-block-heading\">Achas que \u00e9s a pessoa certa para este desafio?<\/h2>\n\n\n\n<p>\u00d3ptimo! Mal podemos esperar para te conhecer \ud83d\ude42 Preenche o formul\u00e1rio e entraremos em contato contigo o mais rapidamente poss\u00edvel!\n\nPS &#8211; o formul\u00e1rio \u00e9 em ingl\u00eas, porque 90% dos nossos tours s\u00e3o nessa l\u00edngua. Habitua-te! \ud83d\ude09<\/p>\n\n\n\n<div class=\"wp-block-buttons is-layout-flex wp-block-buttons-is-layout-flex\">\n<div class=\"wp-block-button\"><a class=\"wp-block-button__link wp-element-button\" href=\"\" target=\"_blank\" rel=\"noreferrer noopener\">Formul\u00e1rio de Candidatura<\/a><\/div>\n<\/div>\n","protected":false},"excerpt":{"rendered":"<p>2022 foi um ano espetacular. 2023 vai ser \u00c9PICO! \ud83d\ude42 Depois de um 2022 incr\u00edvel, com centenas de clientes que\u2026<\/p>\n","protected":false},"author":3,"featured_media":0,"parent":0,"menu_order":2,"comment_status":"closed","ping_status":"closed","template":"pages\/wp_join_team.php","meta":{"footnotes":""},"class_list":["post-111174","page","type-page","status-publish","hentry"],"yoast_head":"<!-- This site is optimized with the Yoast SEO plugin v27.2 - https:\/\/yoast.com\/product\/yoast-seo-wordpress\/ -->\n<title>Junta-te \u00e0 nossa equipa! | Portoalities: Travel blog and Private tours in Porto and Douro Valley, a melhor empresa de tours no Porto<\/title>\n<meta name=\"description\" content=\"Se queres um trabalho com hor\u00e1rio flex\u00edvel e que te permite conhecer pessoas novas TODOS os dias, candida-te j\u00e1 a Guia Tur\u00edstico no Porto! :)\" \/>\n<meta name=\"robots\" content=\"index, follow, max-snippet:-1, max-image-preview:large, max-video-preview:-1\" \/>\n<link rel=\"canonical\" href=\"https:\/\/portoalities.com\/pt\/emprego-guia-turistico-porto\/\" \/>\n<meta property=\"og:locale\" content=\"pt_PT\" \/>\n<meta property=\"og:type\" content=\"article\" \/>\n<meta property=\"og:title\" content=\"Junta-te \u00e0 nossa equipa! | Portoalities: Travel blog and Private tours in Porto and Douro Valley, a melhor empresa de tours no Porto\" \/>\n<meta property=\"og:description\" content=\"Se queres um trabalho com hor\u00e1rio flex\u00edvel e que te permite conhecer pessoas novas TODOS os dias, candida-te j\u00e1 a Guia Tur\u00edstico no Porto! :)\" \/>\n<meta property=\"og:url\" content=\"https:\/\/portoalities.com\/pt\/emprego-guia-turistico-porto\/\" \/>\n<meta property=\"og:site_name\" content=\"Portoalities: Travel blog and Private tours in Porto and Douro Valley\" \/>\n<meta property=\"og:image\" content=\"http:\/\/portoalities.com\/wp-content\/uploads\/2022\/12\/private-tour-porto-group-friends-1.jpg\" \/>\n<meta name=\"twitter:card\" content=\"summary_large_image\" \/>\n<meta name=\"twitter:label1\" content=\"Tempo estimado de leitura\" \/>\n\t<meta name=\"twitter:data1\" content=\"3 minutos\" \/>\n<script type=\"application\/ld+json\" class=\"yoast-schema-graph\">{\"@context\":\"https:\/\/schema.org\",\"@graph\":[{\"@type\":\"WebPage\",\"@id\":\"https:\/\/portoalities.com\/pt\/emprego-guia-turistico-porto\/\",\"url\":\"https:\/\/portoalities.com\/pt\/emprego-guia-turistico-porto\/\",\"name\":\"Junta-te \u00e0 nossa equipa! | Portoalities: Travel blog and Private tours in Porto and Douro Valley, a melhor empresa de tours no Porto\",\"isPartOf\":{\"@id\":\"https:\/\/portoalities.com\/en\/#website\"},\"primaryImageOfPage\":{\"@id\":\"https:\/\/portoalities.com\/pt\/emprego-guia-turistico-porto\/#primaryimage\"},\"image\":{\"@id\":\"https:\/\/portoalities.com\/pt\/emprego-guia-turistico-porto\/#primaryimage\"},\"thumbnailUrl\":\"http:\/\/portoalities.com\/wp-content\/uploads\/2022\/12\/private-tour-porto-group-friends-1.jpg\",\"datePublished\":\"2023-04-14T10:11:25+00:00\",\"description\":\"Se queres um trabalho com hor\u00e1rio flex\u00edvel e que te permite conhecer pessoas novas TODOS os dias, candida-te j\u00e1 a Guia Tur\u00edstico no Porto! :)\",\"breadcrumb\":{\"@id\":\"https:\/\/portoalities.com\/pt\/emprego-guia-turistico-porto\/#breadcrumb\"},\"inLanguage\":\"pt-PT\",\"potentialAction\":[{\"@type\":\"ReadAction\",\"target\":[\"https:\/\/portoalities.com\/pt\/emprego-guia-turistico-porto\/\"]}]},{\"@type\":\"ImageObject\",\"inLanguage\":\"pt-PT\",\"@id\":\"https:\/\/portoalities.com\/pt\/emprego-guia-turistico-porto\/#primaryimage\",\"url\":\"http:\/\/portoalities.com\/wp-content\/uploads\/2022\/12\/private-tour-porto-group-friends-1.jpg\",\"contentUrl\":\"http:\/\/portoalities.com\/wp-content\/uploads\/2022\/12\/private-tour-porto-group-friends-1.jpg\"},{\"@type\":\"BreadcrumbList\",\"@id\":\"https:\/\/portoalities.com\/pt\/emprego-guia-turistico-porto\/#breadcrumb\",\"itemListElement\":[{\"@type\":\"ListItem\",\"position\":1,\"name\":\"Home\",\"item\":\"https:\/\/portoalities.com\/pt\/\"},{\"@type\":\"ListItem\",\"position\":2,\"name\":\"Junta-te \u00e0 nossa equipa!\"}]},{\"@type\":\"WebSite\",\"@id\":\"https:\/\/portoalities.com\/en\/#website\",\"url\":\"https:\/\/portoalities.com\/en\/\",\"name\":\"Portoalities: Travel blog and Private tours in Porto and Douro Valley\",\"description\":\"\",\"potentialAction\":[{\"@type\":\"SearchAction\",\"target\":{\"@type\":\"EntryPoint\",\"urlTemplate\":\"https:\/\/portoalities.com\/en\/?s={search_term_string}\"},\"query-input\":{\"@type\":\"PropertyValueSpecification\",\"valueRequired\":true,\"valueName\":\"search_term_string\"}}],\"inLanguage\":\"pt-PT\"}]}<\/script>\n<!-- \/ Yoast SEO plugin. -->","yoast_head_json":{"title":"Junta-te \u00e0 nossa equipa! | Portoalities: Travel blog and Private tours in Porto and Douro Valley, a melhor empresa de tours no Porto","description":"Se queres um trabalho com hor\u00e1rio flex\u00edvel e que te permite conhecer pessoas novas TODOS os dias, candida-te j\u00e1 a Guia Tur\u00edstico no Porto! :)","robots":{"index":"index","follow":"follow","max-snippet":"max-snippet:-1","max-image-preview":"max-image-preview:large","max-video-preview":"max-video-preview:-1"},"canonical":"https:\/\/portoalities.com\/pt\/emprego-guia-turistico-porto\/","og_locale":"pt_PT","og_type":"article","og_title":"Junta-te \u00e0 nossa equipa! | Portoalities: Travel blog and Private tours in Porto and Douro Valley, a melhor empresa de tours no Porto","og_description":"Se queres um trabalho com hor\u00e1rio flex\u00edvel e que te permite conhecer pessoas novas TODOS os dias, candida-te j\u00e1 a Guia Tur\u00edstico no Porto! :)","og_url":"https:\/\/portoalities.com\/pt\/emprego-guia-turistico-porto\/","og_site_name":"Portoalities: Travel blog and Private tours in Porto and Douro Valley","og_image":[{"url":"http:\/\/portoalities.com\/wp-content\/uploads\/2022\/12\/private-tour-porto-group-friends-1.jpg","type":"","width":"","height":""}],"twitter_card":"summary_large_image","twitter_misc":{"Tempo estimado de leitura":"3 minutos"},"schema":{"@context":"https:\/\/schema.org","@graph":[{"@type":"WebPage","@id":"https:\/\/portoalities.com\/pt\/emprego-guia-turistico-porto\/","url":"https:\/\/portoalities.com\/pt\/emprego-guia-turistico-porto\/","name":"Junta-te \u00e0 nossa equipa! | Portoalities: Travel blog and Private tours in Porto and Douro Valley, a melhor empresa de tours no Porto","isPartOf":{"@id":"https:\/\/portoalities.com\/en\/#website"},"primaryImageOfPage":{"@id":"https:\/\/portoalities.com\/pt\/emprego-guia-turistico-porto\/#primaryimage"},"image":{"@id":"https:\/\/portoalities.com\/pt\/emprego-guia-turistico-porto\/#primaryimage"},"thumbnailUrl":"http:\/\/portoalities.com\/wp-content\/uploads\/2022\/12\/private-tour-porto-group-friends-1.jpg","datePublished":"2023-04-14T10:11:25+00:00","description":"Se queres um trabalho com hor\u00e1rio flex\u00edvel e que te permite conhecer pessoas novas TODOS os dias, candida-te j\u00e1 a Guia Tur\u00edstico no Porto! :)","breadcrumb":{"@id":"https:\/\/portoalities.com\/pt\/emprego-guia-turistico-porto\/#breadcrumb"},"inLanguage":"pt-PT","potentialAction":[{"@type":"ReadAction","target":["https:\/\/portoalities.com\/pt\/emprego-guia-turistico-porto\/"]}]},{"@type":"ImageObject","inLanguage":"pt-PT","@id":"https:\/\/portoalities.com\/pt\/emprego-guia-turistico-porto\/#primaryimage","url":"http:\/\/portoalities.com\/wp-content\/uploads\/2022\/12\/private-tour-porto-group-friends-1.jpg","contentUrl":"http:\/\/portoalities.com\/wp-content\/uploads\/2022\/12\/private-tour-porto-group-friends-1.jpg"},{"@type":"BreadcrumbList","@id":"https:\/\/portoalities.com\/pt\/emprego-guia-turistico-porto\/#breadcrumb","itemListElement":[{"@type":"ListItem","position":1,"name":"Home","item":"https:\/\/portoalities.com\/pt\/"},{"@type":"ListItem","position":2,"name":"Junta-te \u00e0 nossa equipa!"}]},{"@type":"WebSite","@id":"https:\/\/portoalities.com\/en\/#website","url":"https:\/\/portoalities.com\/en\/","name":"Portoalities: Travel blog and Private tours in Porto and Douro Valley","description":"","potentialAction":[{"@type":"SearchAction","target":{"@type":"EntryPoint","urlTemplate":"https:\/\/portoalities.com\/en\/?s={search_term_string}"},"query-input":{"@type":"PropertyValueSpecification","valueRequired":true,"valueName":"search_term_string"}}],"inLanguage":"pt-PT"}]}},"_links":{"self":[{"href":"https:\/\/portoalities.com\/pt\/wp-json\/wp\/v2\/pages\/111174","targetHints":{"allow":["GET"]}}],"collection":[{"href":"https:\/\/portoalities.com\/pt\/wp-json\/wp\/v2\/pages"}],"about":[{"href":"https:\/\/portoalities.com\/pt\/wp-json\/wp\/v2\/types\/page"}],"author":[{"embeddable":true,"href":"https:\/\/portoalities.com\/pt\/wp-json\/wp\/v2\/users\/3"}],"replies":[{"embeddable":true,"href":"https:\/\/portoalities.com\/pt\/wp-json\/wp\/v2\/comments?post=111174"}],"version-history":[{"count":0,"href":"https:\/\/portoalities.com\/pt\/wp-json\/wp\/v2\/pages\/111174\/revisions"}],"wp:attachment":[{"href":"https:\/\/portoalities.com\/pt\/wp-json\/wp\/v2\/media?parent=111174"}],"curies":[{"name":"wp","href":"https:\/\/api.w.org\/{rel}","templated":true}]}}