{"id":139487,"date":"2026-04-04T20:42:23","date_gmt":"2026-04-04T20:42:23","guid":{"rendered":"https:\/\/portoalities.com\/?page_id=139487"},"modified":"2026-04-04T20:42:23","modified_gmt":"2026-04-04T20:42:23","slug":"reservar-tour","status":"publish","type":"page","link":"https:\/\/portoalities.com\/pt\/reservar-tour\/","title":{"rendered":"Queres reservar um tour connosco? \u00d3timo!"},"content":{"rendered":"<h1 class=\"wp-block-post-title\">Queres reservar um tour connosco? \u00d3timo!<\/h1>\n\n\n<p>Por favor envia um email para <a href=\"mailto:sara@portoalities.com\">sara.riobom@portoalities.com<\/a> a dizer-nos o que procuras num tour pelo Porto ou pelo Vale do Douro, incluindo a data (quando queres fazer o tour) e o n\u00famero de pessoas que te acompanham. Entraremos em contacto o mais r\u00e1pido poss\u00edvel com uma proposta de tour.<br><br>Estamos ansiosos por te receber no nosso pa\u00eds \ud83d\ude42<\/p>\n\n\n\n<figure class=\"wp-block-image size-full\"><img loading=\"lazy\" decoding=\"async\" width=\"668\" height=\"404\" src=\"https:\/\/portoalities.com\/wp-content\/uploads\/2022\/12\/private-tour-porto-group-friends-1.jpg\" alt=\"tour privado porto grupo amigos\" class=\"wp-image-51864\" srcset=\"https:\/\/portoalities.com\/wp-content\/uploads\/2022\/12\/private-tour-porto-group-friends-1.jpg 668w, https:\/\/portoalities.com\/wp-content\/uploads\/2022\/12\/private-tour-porto-group-friends-1-300x181.jpg 300w\" sizes=\"auto, (max-width: 668px) 100vw, 668px\" \/><\/figure>\n","protected":false},"excerpt":{"rendered":"<p>Por favor envia um email para sara.riobom@portoalities.com a dizer-nos o que procuras num tour pelo Porto ou pelo Vale do\u2026<\/p>\n","protected":false},"author":1,"featured_media":0,"parent":0,"menu_order":0,"comment_status":"closed","ping_status":"closed","template":"pages\/wp_join_team.php","meta":{"footnotes":""},"class_list":["post-139487","page","type-page","status-publish","hentry"],"yoast_head":"<!-- This site is optimized with the Yoast SEO plugin v27.2 - https:\/\/yoast.com\/product\/yoast-seo-wordpress\/ -->\n<title>Queres reservar um tour connosco? \u00d3timo! | Portoalities: Ag\u00eancia de tours privados<\/title>\n<meta name=\"robots\" content=\"index, follow, max-snippet:-1, max-image-preview:large, max-video-preview:-1\" \/>\n<link rel=\"canonical\" href=\"https:\/\/portoalities.com\/pt\/reservar-tour\/\" \/>\n<meta property=\"og:locale\" content=\"pt_PT\" \/>\n<meta property=\"og:type\" content=\"article\" \/>\n<meta property=\"og:title\" content=\"Queres reservar um tour connosco? \u00d3timo! | Portoalities: Ag\u00eancia de tours privados\" \/>\n<meta property=\"og:description\" content=\"Por favor envia um email para sara.riobom@portoalities.com a dizer-nos o que procuras num tour pelo Porto ou pelo Vale do\u2026\" \/>\n<meta property=\"og:url\" content=\"https:\/\/portoalities.com\/pt\/reservar-tour\/\" \/>\n<meta property=\"og:site_name\" content=\"Portoalities: Travel blog and Private tours in Porto and Douro Valley\" \/>\n<meta property=\"og:image\" content=\"https:\/\/portoalities.com\/wp-content\/uploads\/2022\/12\/private-tour-porto-group-friends-1.jpg\" \/>\n\t<meta property=\"og:image:width\" content=\"668\" \/>\n\t<meta property=\"og:image:height\" content=\"404\" \/>\n\t<meta property=\"og:image:type\" content=\"image\/jpeg\" \/>\n<meta name=\"twitter:card\" content=\"summary_large_image\" \/>\n<script type=\"application\/ld+json\" class=\"yoast-schema-graph\">{\"@context\":\"https:\/\/schema.org\",\"@graph\":[{\"@type\":\"WebPage\",\"@id\":\"https:\/\/portoalities.com\/pt\/reservar-tour\/\",\"url\":\"https:\/\/portoalities.com\/pt\/reservar-tour\/\",\"name\":\"Queres reservar um tour connosco? \u00d3timo! | Portoalities: Ag\u00eancia de tours privados\",\"isPartOf\":{\"@id\":\"https:\/\/portoalities.com\/en\/#website\"},\"primaryImageOfPage\":{\"@id\":\"https:\/\/portoalities.com\/pt\/reservar-tour\/#primaryimage\"},\"image\":{\"@id\":\"https:\/\/portoalities.com\/pt\/reservar-tour\/#primaryimage\"},\"thumbnailUrl\":\"https:\/\/portoalities.com\/wp-content\/uploads\/2022\/12\/private-tour-porto-group-friends-1.jpg\",\"datePublished\":\"2026-04-04T20:42:23+00:00\",\"breadcrumb\":{\"@id\":\"https:\/\/portoalities.com\/pt\/reservar-tour\/#breadcrumb\"},\"inLanguage\":\"pt-PT\",\"potentialAction\":[{\"@type\":\"ReadAction\",\"target\":[\"https:\/\/portoalities.com\/pt\/reservar-tour\/\"]}]},{\"@type\":\"ImageObject\",\"inLanguage\":\"pt-PT\",\"@id\":\"https:\/\/portoalities.com\/pt\/reservar-tour\/#primaryimage\",\"url\":\"https:\/\/portoalities.com\/wp-content\/uploads\/2022\/12\/private-tour-porto-group-friends-1.jpg\",\"contentUrl\":\"https:\/\/portoalities.com\/wp-content\/uploads\/2022\/12\/private-tour-porto-group-friends-1.jpg\"},{\"@type\":\"BreadcrumbList\",\"@id\":\"https:\/\/portoalities.com\/pt\/reservar-tour\/#breadcrumb\",\"itemListElement\":[{\"@type\":\"ListItem\",\"position\":1,\"name\":\"Home\",\"item\":\"https:\/\/portoalities.com\/pt\/\"},{\"@type\":\"ListItem\",\"position\":2,\"name\":\"Queres reservar um tour connosco? \u00d3timo!\"}]},{\"@type\":\"WebSite\",\"@id\":\"https:\/\/portoalities.com\/en\/#website\",\"url\":\"https:\/\/portoalities.com\/en\/\",\"name\":\"Portoalities: Travel blog and Private tours in Porto and Douro Valley\",\"description\":\"\",\"potentialAction\":[{\"@type\":\"SearchAction\",\"target\":{\"@type\":\"EntryPoint\",\"urlTemplate\":\"https:\/\/portoalities.com\/en\/?s={search_term_string}\"},\"query-input\":{\"@type\":\"PropertyValueSpecification\",\"valueRequired\":true,\"valueName\":\"search_term_string\"}}],\"inLanguage\":\"pt-PT\"}]}<\/script>\n<!-- \/ Yoast SEO plugin. -->","yoast_head_json":{"title":"Queres reservar um tour connosco? \u00d3timo! | Portoalities: Ag\u00eancia de tours privados","robots":{"index":"index","follow":"follow","max-snippet":"max-snippet:-1","max-image-preview":"max-image-preview:large","max-video-preview":"max-video-preview:-1"},"canonical":"https:\/\/portoalities.com\/pt\/reservar-tour\/","og_locale":"pt_PT","og_type":"article","og_title":"Queres reservar um tour connosco? \u00d3timo! | Portoalities: Ag\u00eancia de tours privados","og_description":"Por favor envia um email para sara.riobom@portoalities.com a dizer-nos o que procuras num tour pelo Porto ou pelo Vale do\u2026","og_url":"https:\/\/portoalities.com\/pt\/reservar-tour\/","og_site_name":"Portoalities: Travel blog and Private tours in Porto and Douro Valley","og_image":[{"width":668,"height":404,"url":"https:\/\/portoalities.com\/wp-content\/uploads\/2022\/12\/private-tour-porto-group-friends-1.jpg","type":"image\/jpeg"}],"twitter_card":"summary_large_image","schema":{"@context":"https:\/\/schema.org","@graph":[{"@type":"WebPage","@id":"https:\/\/portoalities.com\/pt\/reservar-tour\/","url":"https:\/\/portoalities.com\/pt\/reservar-tour\/","name":"Queres reservar um tour connosco? \u00d3timo! | Portoalities: Ag\u00eancia de tours privados","isPartOf":{"@id":"https:\/\/portoalities.com\/en\/#website"},"primaryImageOfPage":{"@id":"https:\/\/portoalities.com\/pt\/reservar-tour\/#primaryimage"},"image":{"@id":"https:\/\/portoalities.com\/pt\/reservar-tour\/#primaryimage"},"thumbnailUrl":"https:\/\/portoalities.com\/wp-content\/uploads\/2022\/12\/private-tour-porto-group-friends-1.jpg","datePublished":"2026-04-04T20:42:23+00:00","breadcrumb":{"@id":"https:\/\/portoalities.com\/pt\/reservar-tour\/#breadcrumb"},"inLanguage":"pt-PT","potentialAction":[{"@type":"ReadAction","target":["https:\/\/portoalities.com\/pt\/reservar-tour\/"]}]},{"@type":"ImageObject","inLanguage":"pt-PT","@id":"https:\/\/portoalities.com\/pt\/reservar-tour\/#primaryimage","url":"https:\/\/portoalities.com\/wp-content\/uploads\/2022\/12\/private-tour-porto-group-friends-1.jpg","contentUrl":"https:\/\/portoalities.com\/wp-content\/uploads\/2022\/12\/private-tour-porto-group-friends-1.jpg"},{"@type":"BreadcrumbList","@id":"https:\/\/portoalities.com\/pt\/reservar-tour\/#breadcrumb","itemListElement":[{"@type":"ListItem","position":1,"name":"Home","item":"https:\/\/portoalities.com\/pt\/"},{"@type":"ListItem","position":2,"name":"Queres reservar um tour connosco? \u00d3timo!"}]},{"@type":"WebSite","@id":"https:\/\/portoalities.com\/en\/#website","url":"https:\/\/portoalities.com\/en\/","name":"Portoalities: Travel blog and Private tours in Porto and Douro Valley","description":"","potentialAction":[{"@type":"SearchAction","target":{"@type":"EntryPoint","urlTemplate":"https:\/\/portoalities.com\/en\/?s={search_term_string}"},"query-input":{"@type":"PropertyValueSpecification","valueRequired":true,"valueName":"search_term_string"}}],"inLanguage":"pt-PT"}]}},"_links":{"self":[{"href":"https:\/\/portoalities.com\/pt\/wp-json\/wp\/v2\/pages\/139487","targetHints":{"allow":["GET"]}}],"collection":[{"href":"https:\/\/portoalities.com\/pt\/wp-json\/wp\/v2\/pages"}],"about":[{"href":"https:\/\/portoalities.com\/pt\/wp-json\/wp\/v2\/types\/page"}],"author":[{"embeddable":true,"href":"https:\/\/portoalities.com\/pt\/wp-json\/wp\/v2\/users\/1"}],"replies":[{"embeddable":true,"href":"https:\/\/portoalities.com\/pt\/wp-json\/wp\/v2\/comments?post=139487"}],"version-history":[{"count":0,"href":"https:\/\/portoalities.com\/pt\/wp-json\/wp\/v2\/pages\/139487\/revisions"}],"wp:attachment":[{"href":"https:\/\/portoalities.com\/pt\/wp-json\/wp\/v2\/media?parent=139487"}],"curies":[{"name":"wp","href":"https:\/\/api.w.org\/{rel}","templated":true}]}}